{"id":272,"date":"2017-01-26T16:52:03","date_gmt":"2017-01-26T15:52:03","guid":{"rendered":"http:\/\/wohnbau-hb.de\/?page_id=272"},"modified":"2021-05-03T11:45:47","modified_gmt":"2021-05-03T09:45:47","slug":"h-b-wohnbau","status":"publish","type":"page","link":"https:\/\/wohnbau-hb.de\/index.php\/h-b-wohnbau\/","title":{"rendered":"H &#038; B Wohnbau"},"content":{"rendered":"<p>[et_pb_section fb_built=&#8220;1&#8243; fullwidth=&#8220;on&#8220; disabled_on=&#8220;on|on|&#8220; admin_label=&#8220;Sektion&#8220; _builder_version=&#8220;3.0.74&#8243; transparent_background=&#8220;off&#8220;][et_pb_fullwidth_header text_orientation=&#8220;center&#8220; header_fullscreen=&#8220;on&#8220; header_scroll_down=&#8220;on&#8220; content_orientation=&#8220;bottom&#8220; disabled_on=&#8220;on|on|&#8220; admin_label=&#8220;Vollbreite Kopfzeile (Desktop)&#8220; _builder_version=&#8220;3.16&#8243; title_font_size=&#8220;48px&#8220; background_color=&#8220;rgba(255, 255, 255, 0)&#8220; background_image=&#8220;https:\/\/wohnbau-hb.de\/wp-content\/uploads\/2017\/05\/zeichnung-foto-haus_81557163.jpg&#8220; background_url=&#8220;https:\/\/wohnbau-hb.de\/wp-content\/uploads\/2017\/05\/zeichnung-foto-haus_81557163.jpg&#8220; button_one_letter_spacing_hover=&#8220;0&#8243; button_two_letter_spacing_hover=&#8220;0&#8243; button_one_text_size__hover_enabled=&#8220;off&#8220; button_two_text_size__hover_enabled=&#8220;off&#8220; button_one_text_color__hover_enabled=&#8220;off&#8220; button_two_text_color__hover_enabled=&#8220;off&#8220; button_one_border_width__hover_enabled=&#8220;off&#8220; button_two_border_width__hover_enabled=&#8220;off&#8220; button_one_border_color__hover_enabled=&#8220;off&#8220; button_two_border_color__hover_enabled=&#8220;off&#8220; button_one_border_radius__hover_enabled=&#8220;off&#8220; button_two_border_radius__hover_enabled=&#8220;off&#8220; button_one_letter_spacing__hover_enabled=&#8220;on&#8220; button_one_letter_spacing__hover=&#8220;0&#8243; button_two_letter_spacing__hover_enabled=&#8220;on&#8220; button_two_letter_spacing__hover=&#8220;0&#8243; button_one_bg_color__hover_enabled=&#8220;off&#8220; button_two_bg_color__hover_enabled=&#8220;off&#8220;]<\/p>\n<h1 style=\"font-size: 72px; font-weight: 300;\">Unsere Leistungen<\/h1>\n<p>[\/et_pb_fullwidth_header][\/et_pb_section][et_pb_section fb_built=&#8220;1&#8243; fullwidth=&#8220;on&#8220; disabled_on=&#8220;||on&#8220; admin_label=&#8220;Sektion&#8220; _builder_version=&#8220;3.0.74&#8243; transparent_background=&#8220;off&#8220;][et_pb_fullwidth_header text_orientation=&#8220;center&#8220; disabled_on=&#8220;||on&#8220; admin_label=&#8220;Vollbreite Kopfzeile (Handy)&#8220; _builder_version=&#8220;3.19.9&#8243; title_font_size=&#8220;28px&#8220; background_color=&#8220;rgba(255, 255, 255, 0)&#8220; background_image=&#8220;https:\/\/wohnbau-hb.de\/wp-content\/uploads\/2017\/05\/zeichnung-foto-haus_81557163.jpg&#8220; background_url=&#8220;https:\/\/wohnbau-hb.de\/wp-content\/uploads\/2017\/05\/zeichnung-foto-haus_81557163.jpg&#8220; button_one_letter_spacing_hover=&#8220;0&#8243; button_two_letter_spacing_hover=&#8220;0&#8243; button_one_text_size__hover_enabled=&#8220;off&#8220; button_two_text_size__hover_enabled=&#8220;off&#8220; button_one_text_color__hover_enabled=&#8220;off&#8220; button_two_text_color__hover_enabled=&#8220;off&#8220; button_one_border_width__hover_enabled=&#8220;off&#8220; button_two_border_width__hover_enabled=&#8220;off&#8220; button_one_border_color__hover_enabled=&#8220;off&#8220; button_two_border_color__hover_enabled=&#8220;off&#8220; button_one_border_radius__hover_enabled=&#8220;off&#8220; button_two_border_radius__hover_enabled=&#8220;off&#8220; button_one_letter_spacing__hover_enabled=&#8220;on&#8220; button_one_letter_spacing__hover=&#8220;0&#8243; button_two_letter_spacing__hover_enabled=&#8220;on&#8220; button_two_letter_spacing__hover=&#8220;0&#8243; button_one_bg_color__hover_enabled=&#8220;off&#8220; button_two_bg_color__hover_enabled=&#8220;off&#8220; custom_padding=&#8220;165px||&#8220;][\/et_pb_fullwidth_header][\/et_pb_section][et_pb_section fb_built=&#8220;1&#8243; disabled_on=&#8220;||on&#8220; admin_label=&#8220;Sektion&#8220; _builder_version=&#8220;3.0.74&#8243; background_color=&#8220;#575756&#8243; transparent_background=&#8220;off&#8220;][et_pb_row custom_padding=&#8220;0px||0px|&#8220; parallax_method_1=&#8220;off&#8220; admin_label=&#8220;Zeile&#8220; _builder_version=&#8220;3.0.48&#8243; background_size=&#8220;initial&#8220; background_position=&#8220;top_left&#8220; background_repeat=&#8220;repeat&#8220;][et_pb_column type=&#8220;4_4&#8243; _builder_version=&#8220;3.0.47&#8243; parallax=&#8220;off&#8220; parallax_method=&#8220;off&#8220;][et_pb_text disabled_on=&#8220;||on&#8220; admin_label=&#8220;Text (Handy)&#8220; _builder_version=&#8220;3.0.87&#8243; background_size=&#8220;initial&#8220; background_position=&#8220;top_left&#8220; background_repeat=&#8220;repeat&#8220; background_layout=&#8220;dark&#8220; use_border_color=&#8220;off&#8220; border_color=&#8220;#ffffff&#8220; border_style=&#8220;solid&#8220;]<\/p>\n<h1 style=\"font-size: 52px; font-weight: 300; text-align: center;\">Unsere Leistungen<\/h1>\n<p>[\/et_pb_text][\/et_pb_column][\/et_pb_row][\/et_pb_section][et_pb_section fb_built=&#8220;1&#8243; custom_padding_last_edited=&#8220;on|desktop&#8220; disabled_on=&#8220;on|on|&#8220; admin_label=&#8220;Sektion&#8220; module_id=&#8220;leistungen&#8220; _builder_version=&#8220;3.0.74&#8243; custom_padding_tablet=&#8220;50px|0|50px|0&#8243; transparent_background=&#8220;off&#8220; padding_mobile=&#8220;off&#8220;][et_pb_row parallax_method_1=&#8220;off&#8220; parallax_method_2=&#8220;off&#8220; parallax_method_3=&#8220;off&#8220; disabled_on=&#8220;on|on|&#8220; admin_label=&#8220;Zeile&#8220; _builder_version=&#8220;3.0.48&#8243; background_size=&#8220;initial&#8220; background_position=&#8220;top_left&#8220; background_repeat=&#8220;repeat&#8220;][et_pb_column type=&#8220;1_3&#8243; _builder_version=&#8220;3.0.47&#8243; parallax=&#8220;off&#8220; parallax_method=&#8220;off&#8220;][et_pb_blurb use_icon=&#8220;on&#8220; font_icon=&#8220;%%158%%&#8220; admin_label=&#8220;Grundst\u00fccke &#038; Immobilien&#8220; _builder_version=&#8220;3.0.87&#8243; background_size=&#8220;initial&#8220; background_position=&#8220;top_left&#8220; background_repeat=&#8220;repeat&#8220; text_orientation=&#8220;center&#8220; use_border_color=&#8220;off&#8220; border_color=&#8220;#ffffff&#8220; border_style=&#8220;solid&#8220;][\/et_pb_blurb][et_pb_text admin_label=&#8220;Grundst\u00fccke &#038; Immobilien&#8220; _builder_version=&#8220;3.0.87&#8243; background_size=&#8220;initial&#8220; background_position=&#8220;top_left&#8220; background_repeat=&#8220;repeat&#8220; use_border_color=&#8220;off&#8220; border_color=&#8220;#ffffff&#8220; border_style=&#8220;solid&#8220;]<\/p>\n<h2 style=\"text-align: left;\">Grundst\u00fccke &amp; Immobilien<\/h2>\n<p>[\/et_pb_text][et_pb_text admin_label=&#8220;Grundst\u00fccke &#038; Immobilien&#8220; _builder_version=&#8220;3.0.87&#8243; background_size=&#8220;initial&#8220; background_position=&#8220;top_left&#8220; background_repeat=&#8220;repeat&#8220; use_border_color=&#8220;off&#8220; border_color=&#8220;#ffffff&#8220; border_style=&#8220;solid&#8220;]<\/p>\n<ul>\n<li>An- und Verkauf<\/li>\n<li>Vermittlung<\/li>\n<\/ul>\n<p>[\/et_pb_text][\/et_pb_column][et_pb_column type=&#8220;1_3&#8243; _builder_version=&#8220;3.0.47&#8243; parallax=&#8220;off&#8220; parallax_method=&#8220;off&#8220;][et_pb_blurb use_icon=&#8220;on&#8220; font_icon=&#8220;%%75%%&#8220; admin_label=&#8220;Planung&#8220; _builder_version=&#8220;3.0.87&#8243; background_size=&#8220;initial&#8220; background_position=&#8220;top_left&#8220; background_repeat=&#8220;repeat&#8220; text_orientation=&#8220;center&#8220; use_border_color=&#8220;off&#8220; border_color=&#8220;#ffffff&#8220; border_style=&#8220;solid&#8220;][\/et_pb_blurb][et_pb_text admin_label=&#8220;Planung&#8220; _builder_version=&#8220;3.0.87&#8243; background_size=&#8220;initial&#8220; background_position=&#8220;top_left&#8220; background_repeat=&#8220;repeat&#8220; use_border_color=&#8220;off&#8220; border_color=&#8220;#ffffff&#8220; border_style=&#8220;solid&#8220;]<\/p>\n<h2 style=\"text-align: center;\">Planung<\/h2>\n<p>[\/et_pb_text][et_pb_text admin_label=&#8220;Planung&#8220; _builder_version=&#8220;3.0.87&#8243; background_size=&#8220;initial&#8220; background_position=&#8220;top_left&#8220; background_repeat=&#8220;repeat&#8220; custom_padding=&#8220;|||115px&#8220; use_border_color=&#8220;off&#8220; border_color=&#8220;#ffffff&#8220; border_style=&#8220;solid&#8220;]<\/p>\n<ul>\n<li>Projektierung<\/li>\n<li>Analyse: Grundlagenermittlung<\/li>\n<li>Handwerker Akquise<\/li>\n<li>Grundst\u00fcck beplanen<\/li>\n<li>Kostensch\u00e4tzung<\/li>\n<li>Bauleitung<\/li>\n<li>Abriss organisieren<\/li>\n<\/ul>\n<p>[\/et_pb_text][\/et_pb_column][et_pb_column type=&#8220;1_3&#8243; _builder_version=&#8220;3.0.47&#8243; parallax=&#8220;off&#8220; parallax_method=&#8220;off&#8220;][et_pb_blurb use_icon=&#8220;on&#8220; font_icon=&#8220;%%102%%&#8220; admin_label=&#8220;Sanierung&#8220; _builder_version=&#8220;3.0.87&#8243; background_size=&#8220;initial&#8220; background_position=&#8220;top_left&#8220; background_repeat=&#8220;repeat&#8220; text_orientation=&#8220;center&#8220; use_border_color=&#8220;off&#8220; border_color=&#8220;#ffffff&#8220; border_style=&#8220;solid&#8220;][\/et_pb_blurb][et_pb_text admin_label=&#8220;Sanierung&#8220; _builder_version=&#8220;3.0.87&#8243; background_size=&#8220;initial&#8220; background_position=&#8220;top_left&#8220; background_repeat=&#8220;repeat&#8220; use_border_color=&#8220;off&#8220; border_color=&#8220;#ffffff&#8220; border_style=&#8220;solid&#8220;]<\/p>\n<h2 style=\"text-align: center;\">Sanierung<\/h2>\n<p>[\/et_pb_text][et_pb_text admin_label=&#8220;Sanierung&#8220; _builder_version=&#8220;3.0.87&#8243; background_size=&#8220;initial&#8220; background_position=&#8220;top_left&#8220; background_repeat=&#8220;repeat&#8220; custom_padding=&#8220;|||105px&#8220; use_border_color=&#8220;off&#8220; border_color=&#8220;#ffffff&#8220; border_style=&#8220;solid&#8220;]<\/p>\n<ul>\n<li>Renovierung<\/li>\n<li>Umbau<\/li>\n<li>Ausbau<\/li>\n<li>Kernsanierung<\/li>\n<li>Garten<\/li>\n<\/ul>\n<p>[\/et_pb_text][\/et_pb_column][\/et_pb_row][\/et_pb_section][et_pb_section fb_built=&#8220;1&#8243; custom_padding_last_edited=&#8220;on|desktop&#8220; disabled_on=&#8220;||on&#8220; admin_label=&#8220;Sektion&#8220; module_id=&#8220;leistungen&#8220; _builder_version=&#8220;3.0.74&#8243; custom_padding_tablet=&#8220;50px|0|50px|0&#8243; transparent_background=&#8220;off&#8220; padding_mobile=&#8220;off&#8220;][et_pb_row parallax_method_1=&#8220;off&#8220; disabled_on=&#8220;||on&#8220; admin_label=&#8220;Zeile&#8220; _builder_version=&#8220;3.0.48&#8243; background_size=&#8220;initial&#8220; background_position=&#8220;top_left&#8220; background_repeat=&#8220;repeat&#8220;][et_pb_column type=&#8220;4_4&#8243; _builder_version=&#8220;3.0.47&#8243; parallax=&#8220;off&#8220; parallax_method=&#8220;off&#8220;][et_pb_blurb use_icon=&#8220;on&#8220; font_icon=&#8220;%%158%%&#8220; admin_label=&#8220;Grundst\u00fccke &#038; Immobilien&#8220; _builder_version=&#8220;3.0.87&#8243; background_size=&#8220;initial&#8220; background_position=&#8220;top_left&#8220; background_repeat=&#8220;repeat&#8220; text_orientation=&#8220;center&#8220; use_border_color=&#8220;off&#8220; border_color=&#8220;#ffffff&#8220; border_style=&#8220;solid&#8220;][\/et_pb_blurb][et_pb_text admin_label=&#8220;Grundst\u00fccke &#038; Immobilien&#8220; _builder_version=&#8220;3.0.87&#8243; background_size=&#8220;initial&#8220; background_position=&#8220;top_left&#8220; background_repeat=&#8220;repeat&#8220; text_orientation=&#8220;center&#8220; module_alignment=&#8220;center&#8220; use_border_color=&#8220;off&#8220; border_color=&#8220;#ffffff&#8220; border_style=&#8220;solid&#8220;]<\/p>\n<h2 style=\"text-align: center;\">Grundst\u00fccke &amp; Immobilien<\/h2>\n<p>[\/et_pb_text][et_pb_text admin_label=&#8220;Grundst\u00fccke &#038; Immobilien&#8220; _builder_version=&#8220;3.0.87&#8243; background_size=&#8220;initial&#8220; background_position=&#8220;top_left&#8220; background_repeat=&#8220;repeat&#8220; custom_padding=&#8220;|||115px&#8220; use_border_color=&#8220;off&#8220; border_color=&#8220;#ffffff&#8220; border_style=&#8220;solid&#8220;]<\/p>\n<ul>\n<li>An- und Verkauf<\/li>\n<li>Vermittlung<\/li>\n<\/ul>\n<p>[\/et_pb_text][et_pb_blurb use_icon=&#8220;on&#8220; font_icon=&#8220;%%75%%&#8220; admin_label=&#8220;Planung&#8220; _builder_version=&#8220;3.0.87&#8243; background_size=&#8220;initial&#8220; background_position=&#8220;top_left&#8220; background_repeat=&#8220;repeat&#8220; text_orientation=&#8220;center&#8220; use_border_color=&#8220;off&#8220; border_color=&#8220;#ffffff&#8220; border_style=&#8220;solid&#8220;][\/et_pb_blurb][et_pb_text admin_label=&#8220;Planung&#8220; _builder_version=&#8220;3.0.87&#8243; background_size=&#8220;initial&#8220; background_position=&#8220;top_left&#8220; background_repeat=&#8220;repeat&#8220; use_border_color=&#8220;off&#8220; border_color=&#8220;#ffffff&#8220; border_style=&#8220;solid&#8220;]<\/p>\n<h2 style=\"text-align: center;\">Planung<\/h2>\n<p>[\/et_pb_text][et_pb_text admin_label=&#8220;Planung&#8220; _builder_version=&#8220;3.0.87&#8243; background_size=&#8220;initial&#8220; background_position=&#8220;top_left&#8220; background_repeat=&#8220;repeat&#8220; custom_padding=&#8220;|||115px&#8220; use_border_color=&#8220;off&#8220; border_color=&#8220;#ffffff&#8220; border_style=&#8220;solid&#8220;]<\/p>\n<ul>\n<li>Projektierung<\/li>\n<li>Analyse: Grundlagenermittlung<\/li>\n<li>Handwerker Akquise<\/li>\n<li>Grundst\u00fcck beplanen<\/li>\n<li>Kostensch\u00e4tzung<\/li>\n<li>Bauleitung<\/li>\n<li>Abriss organisieren<\/li>\n<\/ul>\n<p>[\/et_pb_text][et_pb_blurb use_icon=&#8220;on&#8220; font_icon=&#8220;%%102%%&#8220; admin_label=&#8220;Sanierung&#8220; _builder_version=&#8220;3.0.87&#8243; background_size=&#8220;initial&#8220; background_position=&#8220;top_left&#8220; background_repeat=&#8220;repeat&#8220; text_orientation=&#8220;center&#8220; use_border_color=&#8220;off&#8220; border_color=&#8220;#ffffff&#8220; border_style=&#8220;solid&#8220;][\/et_pb_blurb][et_pb_text admin_label=&#8220;Sanierung&#8220; _builder_version=&#8220;3.0.87&#8243; background_size=&#8220;initial&#8220; background_position=&#8220;top_left&#8220; background_repeat=&#8220;repeat&#8220; use_border_color=&#8220;off&#8220; border_color=&#8220;#ffffff&#8220; border_style=&#8220;solid&#8220;]<\/p>\n<h2 style=\"text-align: center;\">Sanierung<\/h2>\n<p>[\/et_pb_text][et_pb_text admin_label=&#8220;Sanierung&#8220; _builder_version=&#8220;3.0.87&#8243; background_size=&#8220;initial&#8220; background_position=&#8220;top_left&#8220; background_repeat=&#8220;repeat&#8220; custom_padding=&#8220;|||115px&#8220; use_border_color=&#8220;off&#8220; border_color=&#8220;#ffffff&#8220; border_style=&#8220;solid&#8220;]<\/p>\n<ul>\n<li>Renovierung<\/li>\n<li>Umbau<\/li>\n<li>Ausbau<\/li>\n<li>Kernsanierung<\/li>\n<li>Garten<\/li>\n<\/ul>\n<p>[\/et_pb_text][\/et_pb_column][\/et_pb_row][\/et_pb_section][et_pb_section fb_built=&#8220;1&#8243; admin_label=&#8220;section&#8220; _builder_version=&#8220;3.0.74&#8243; background_color=&#8220;#f7f7f7&#8243;][et_pb_row admin_label=&#8220;row&#8220; _builder_version=&#8220;3.0.48&#8243; background_size=&#8220;initial&#8220; background_position=&#8220;top_left&#8220; background_repeat=&#8220;repeat&#8220;][et_pb_column type=&#8220;4_4&#8243; _builder_version=&#8220;3.0.47&#8243; parallax=&#8220;off&#8220; parallax_method=&#8220;on&#8220;][et_pb_cta title=&#8220;Sind Sie an einem Projekt mit uns interessiert?&#8220; button_url=&#8220;\/index.php\/kontakt\/&#8220; button_text=&#8220;Nehmen Sie Kontakt auf!&#8220; admin_label=&#8220;Call To Action&#8220; _builder_version=&#8220;3.16&#8243; use_background_color=&#8220;off&#8220; background_size=&#8220;initial&#8220; background_position=&#8220;top_left&#8220; background_repeat=&#8220;repeat&#8220; background_layout=&#8220;light&#8220; use_border_color=&#8220;off&#8220; border_color=&#8220;#ffffff&#8220; border_style=&#8220;solid&#8220; button_letter_spacing_hover=&#8220;0&#8243; button_text_size__hover_enabled=&#8220;off&#8220; button_one_text_size__hover_enabled=&#8220;off&#8220; button_two_text_size__hover_enabled=&#8220;off&#8220; button_text_color__hover_enabled=&#8220;off&#8220; button_one_text_color__hover_enabled=&#8220;off&#8220; button_two_text_color__hover_enabled=&#8220;off&#8220; button_border_width__hover_enabled=&#8220;off&#8220; button_one_border_width__hover_enabled=&#8220;off&#8220; button_two_border_width__hover_enabled=&#8220;off&#8220; button_border_color__hover_enabled=&#8220;off&#8220; button_one_border_color__hover_enabled=&#8220;off&#8220; button_two_border_color__hover_enabled=&#8220;off&#8220; button_border_radius__hover_enabled=&#8220;off&#8220; button_one_border_radius__hover_enabled=&#8220;off&#8220; button_two_border_radius__hover_enabled=&#8220;off&#8220; button_letter_spacing__hover_enabled=&#8220;on&#8220; button_letter_spacing__hover=&#8220;0&#8243; button_one_letter_spacing__hover_enabled=&#8220;off&#8220; button_two_letter_spacing__hover_enabled=&#8220;off&#8220; button_bg_color__hover_enabled=&#8220;off&#8220; button_one_bg_color__hover_enabled=&#8220;off&#8220; button_two_bg_color__hover_enabled=&#8220;off&#8220;][\/et_pb_cta][\/et_pb_column][\/et_pb_row][\/et_pb_section]<\/p>\n","protected":false},"excerpt":{"rendered":"<p>Unsere Leistungen Unsere LeistungenGrundst\u00fccke &amp; Immobilien An- und Verkauf Vermittlung Planung Projektierung Analyse: Grundlagenermittlung Handwerker Akquise Grundst\u00fcck beplanen Kostensch\u00e4tzung Bauleitung Abriss organisieren Sanierung Renovierung Umbau Ausbau Kernsanierung Garten Grundst\u00fccke &amp; Immobilien An- und Verkauf Vermittlung Planung Projektierung Analyse: Grundlagenermittlung Handwerker Akquise Grundst\u00fcck beplanen Kostensch\u00e4tzung Bauleitung Abriss organisieren Sanierung Renovierung Umbau Ausbau Kernsanierung Garten<\/p>\n","protected":false},"author":1,"featured_media":0,"parent":0,"menu_order":0,"comment_status":"closed","ping_status":"closed","template":"","meta":{"_et_pb_use_builder":"on","_et_pb_old_content":"","_et_gb_content_width":""},"_links":{"self":[{"href":"https:\/\/wohnbau-hb.de\/index.php\/wp-json\/wp\/v2\/pages\/272"}],"collection":[{"href":"https:\/\/wohnbau-hb.de\/index.php\/wp-json\/wp\/v2\/pages"}],"about":[{"href":"https:\/\/wohnbau-hb.de\/index.php\/wp-json\/wp\/v2\/types\/page"}],"author":[{"embeddable":true,"href":"https:\/\/wohnbau-hb.de\/index.php\/wp-json\/wp\/v2\/users\/1"}],"replies":[{"embeddable":true,"href":"https:\/\/wohnbau-hb.de\/index.php\/wp-json\/wp\/v2\/comments?post=272"}],"version-history":[{"count":82,"href":"https:\/\/wohnbau-hb.de\/index.php\/wp-json\/wp\/v2\/pages\/272\/revisions"}],"predecessor-version":[{"id":1227,"href":"https:\/\/wohnbau-hb.de\/index.php\/wp-json\/wp\/v2\/pages\/272\/revisions\/1227"}],"wp:attachment":[{"href":"https:\/\/wohnbau-hb.de\/index.php\/wp-json\/wp\/v2\/media?parent=272"}],"curies":[{"name":"wp","href":"https:\/\/api.w.org\/{rel}","templated":true}]}}