{"id":470,"date":"2017-02-13T15:25:30","date_gmt":"2017-02-13T14:25:30","guid":{"rendered":"http:\/\/wohnbau-hb.de\/?page_id=470"},"modified":"2025-07-20T14:20:40","modified_gmt":"2025-07-20T12:20:40","slug":"impressum","status":"publish","type":"page","link":"https:\/\/wohnbau-hb.de\/index.php\/impressum\/","title":{"rendered":"Impressum"},"content":{"rendered":"<p>[et_pb_section fb_built=&#8220;1&#8243; admin_label=&#8220;section&#8220; _builder_version=&#8220;4.16&#8243; global_colors_info=&#8220;{}&#8220;][et_pb_row admin_label=&#8220;row&#8220; _builder_version=&#8220;4.16&#8243; background_size=&#8220;initial&#8220; background_position=&#8220;top_left&#8220; background_repeat=&#8220;repeat&#8220; global_colors_info=&#8220;{}&#8220;][et_pb_column type=&#8220;4_4&#8243; _builder_version=&#8220;4.16&#8243; custom_padding=&#8220;|||&#8220; global_colors_info=&#8220;{}&#8220; custom_padding__hover=&#8220;|||&#8220;][et_pb_text admin_label=&#8220;Text&#8220; _builder_version=&#8220;4.19.5&#8243; background_size=&#8220;initial&#8220; background_position=&#8220;top_left&#8220; background_repeat=&#8220;repeat&#8220; hover_enabled=&#8220;0&#8243; use_border_color=&#8220;off&#8220; border_color=&#8220;#ffffff&#8220; border_style=&#8220;solid&#8220; global_colors_info=&#8220;{}&#8220; sticky_enabled=&#8220;0&#8243;]<\/p>\n<h1>Impressum<\/h1>\n<h2>Angaben gem\u00e4\u00df \u00a7 5 TMG<\/h2>\n<p>H&amp;B Wohnbau GmbH&amp;Co KG<br \/>Ekkehardstr. 16 B<br \/>78224 Singen<\/p>\n<p>Handelsregister: HRA 704 634<br \/>Registergericht: Handelsregister Freiburg<\/p>\n<p><strong>Vertreten durch:<\/strong><br \/>H&amp;B Verwaltungsgesellschaft mbH<br \/>Ekkehardstr. 16 B<br \/>D \u2013 78224 Singen<\/p>\n<p>Diese vertreten durch:<br \/>Abdullah \u00d6zt\u00fcrk<br \/>Tel + 49 7731 50 60 571<br \/>E-Mail-Adresse: a.oeztuerk@wohnbau-hb.de<\/p>\n<p>Handelsregister: HRB 714 742<br \/>Registergericht: Handelsregister Freiburg<\/p>\n<h2>Kontakt<\/h2>\n<p>Telefon: + 49 7731 50 60 571<br \/>E-Mail: a.oeztuerk@wohnbau-hb.de<\/p>\n<h2>Umsatzsteuer-ID<\/h2>\n<p>Umsatzsteuer-Identifikationsnummer gem\u00e4\u00df \u00a7 27 a Umsatzsteuergesetz:<br \/>DE307454971<\/p>\n<h2>Aufsichtsbeh\u00f6rde<\/h2>\n<p>Industrie- und Handelskammer Hochrhein-Bodensee &#8211; Abteilung Recht | Steuern<br \/>Reichenaustr. 21<br \/>78467 Konstanz<\/p>\n<p><a href=\"https:\/\/www.ihk.de\/konstanz\/recht-und-steuern\" target=\"_blank\" rel=\"noopener noreferrer\">https:\/\/www.ihk.de\/konstanz\/recht-und-steuern<\/a><\/p>\n<h2>Verbraucher\u00adstreit\u00adbeilegung<\/h2>\n<p>Gem\u00e4\u00df \u00a7 36 des Verbraucherstreitbeilegungsgesetzes (VSBG) sind wir zur Teilnahme an einem Streitbeilegungsverfahren vor einer Verbraucherschlichtungsstelle weder verpflichtet noch bereit.<\/p>\n<p>[\/et_pb_text][et_pb_divider color=&#8220;#9e9e9e&#8220; disabled_on=&#8220;on|on|off&#8220; admin_label=&#8220;Teiler&#8220; _builder_version=&#8220;4.16&#8243; hide_on_mobile=&#8220;on&#8220; global_colors_info=&#8220;{}&#8220;] [\/et_pb_divider][\/et_pb_column][\/et_pb_row][et_pb_row admin_label=&#8220;Zeile&#8220; _builder_version=&#8220;4.16&#8243; background_size=&#8220;initial&#8220; background_position=&#8220;top_left&#8220; background_repeat=&#8220;repeat&#8220; global_colors_info=&#8220;{}&#8220;][et_pb_column type=&#8220;4_4&#8243; _builder_version=&#8220;4.16&#8243; custom_padding=&#8220;|||&#8220; global_colors_info=&#8220;{}&#8220; custom_padding__hover=&#8220;|||&#8220;][et_pb_text admin_label=&#8220;Text&#8220; _builder_version=&#8220;4.16&#8243; background_size=&#8220;initial&#8220; background_position=&#8220;top_left&#8220; background_repeat=&#8220;repeat&#8220; use_border_color=&#8220;off&#8220; border_color=&#8220;#ffffff&#8220; border_style=&#8220;solid&#8220; global_colors_info=&#8220;{}&#8220;]<\/p>\n<h1>Haftungsausschluss (Disclaimer)<\/h1>\n<h3>Haftung f\u00fcr Inhalte<\/h3>\n<p>Als Diensteanbieter sind wir gem\u00e4\u00df \u00a7 7 Abs.1 TMG f\u00fcr eigene Inhalte auf diesen Seiten nach den allgemeinen Gesetzen verantwortlich. Nach \u00a7\u00a7 8 bis 10 TMG sind wir als Diensteanbieter jedoch nicht verpflichtet, \u00fcbermittelte oder gespeicherte fremde Informationen zu \u00fcberwachen oder nach Umst\u00e4nden zu forschen, die auf eine rechtswidrige T\u00e4tigkeit hinweisen.<\/p>\n<p>Verpflichtungen zur Entfernung oder Sperrung der Nutzung von Informationen nach den allgemeinen Gesetzen bleiben hiervon unber\u00fchrt. Eine diesbez\u00fcgliche Haftung ist jedoch erst ab dem Zeitpunkt der Kenntnis einer konkreten Rechtsverletzung m\u00f6glich. Bei Bekanntwerden von entsprechenden Rechtsverletzungen werden wir diese Inhalte umgehend entfernen.<\/p>\n<h3>Haftung f\u00fcr Links<\/h3>\n<p>Unser Angebot enth\u00e4lt Links zu externen Webseiten Dritter, auf deren Inhalte wir keinen Einfluss haben. Deshalb k\u00f6nnen wir f\u00fcr diese fremden Inhalte auch keine Gew\u00e4hr \u00fcbernehmen. F\u00fcr die Inhalte der verlinkten Seiten ist stets der jeweilige Anbieter oder Betreiber der Seiten verantwortlich. Die verlinkten Seiten wurden zum Zeitpunkt der Verlinkung auf m\u00f6gliche Rechtsverst\u00f6\u00dfe \u00fcberpr\u00fcft. Rechtswidrige Inhalte waren zum Zeitpunkt der Verlinkung nicht erkennbar.<\/p>\n<p>Eine permanente inhaltliche Kontrolle der verlinkten Seiten ist jedoch ohne konkrete Anhaltspunkte einer Rechtsverletzung nicht zumutbar. Bei Bekanntwerden von Rechtsverletzungen werden wir derartige Links umgehend entfernen.<\/p>\n<h3>Urheberrecht<\/h3>\n<p>Die durch die Seitenbetreiber erstellten Inhalte und Werke auf diesen Seiten unterliegen dem deutschen Urheberrecht. Die Vervielf\u00e4ltigung, Bearbeitung, Verbreitung und jede Art der Verwertung au\u00dferhalb der Grenzen des Urheberrechtes bed\u00fcrfen der schriftlichen Zustimmung des jeweiligen Autors bzw. Erstellers. Downloads und Kopien dieser Seite sind nur f\u00fcr den privaten, nicht kommerziellen Gebrauch gestattet.<\/p>\n<p>Soweit die Inhalte auf dieser Seite nicht vom Betreiber erstellt wurden, werden die Urheberrechte Dritter beachtet. Insbesondere werden Inhalte Dritter als solche gekennzeichnet. Sollten Sie trotzdem auf eine Urheberrechtsverletzung aufmerksam werden, bitten wir um einen entsprechenden Hinweis. Bei Bekanntwerden von Rechtsverletzungen werden wir derartige Inhalte umgehend entfernen.<\/p>\n<p>Quelle: <em><a href=\"https:\/\/www.e-recht24.de\">eRecht24<\/a><\/em><br \/>\n[\/et_pb_text][et_pb_text admin_label=&#8220;Text&#8220; _builder_version=&#8220;4.16&#8243; background_size=&#8220;initial&#8220; background_position=&#8220;top_left&#8220; background_repeat=&#8220;repeat&#8220; use_border_color=&#8220;off&#8220; border_color=&#8220;#ffffff&#8220; border_style=&#8220;solid&#8220; global_colors_info=&#8220;{}&#8220;]<\/p>\n<h3>Bildquellen:<\/h3>\n<p>HB Wohnbau oben: \u00a9 Chlorophylle &#8211; Fotolia.com<br \/>\nProjekte oben: \u00a9 Eisenhans \/ Fotolia<br \/>\nSanierungen oben: \u00a9 Annika Gandelheid &#8211; Fotolia.com<br \/>\nKontakt oben: \u00a9 Gajus &#8211; Fotolia.com<\/p>\n<p>Sonstige Bilder: A. \u00d6zt\u00fcrk und R. Wezstein<br \/>\n[\/et_pb_text][\/et_pb_column][\/et_pb_row][\/et_pb_section]<\/p>\n","protected":false},"excerpt":{"rendered":"<p>Impressum Angaben gem\u00e4\u00df \u00a7 5 TMG H&amp;B Wohnbau GmbH&amp;Co KGEkkehardstr. 16 B78224 Singen Handelsregister: HRA 704 634Registergericht: Handelsregister Freiburg Vertreten durch:H&amp;B Verwaltungsgesellschaft mbHEkkehardstr. 16 BD \u2013 78224 Singen Diese vertreten durch:Abdullah \u00d6zt\u00fcrkTel + 49 7731 50 60 571E-Mail-Adresse: a.oeztuerk@wohnbau-hb.de Handelsregister: HRB 714 742Registergericht: Handelsregister Freiburg Kontakt Telefon: + 49 7731 50 60 571E-Mail: a.oeztuerk@wohnbau-hb.de Umsatzsteuer-ID [&hellip;]<\/p>\n","protected":false},"author":1,"featured_media":0,"parent":0,"menu_order":0,"comment_status":"closed","ping_status":"closed","template":"","meta":{"_et_pb_use_builder":"on","_et_pb_old_content":"","_et_gb_content_width":""},"_links":{"self":[{"href":"https:\/\/wohnbau-hb.de\/index.php\/wp-json\/wp\/v2\/pages\/470"}],"collection":[{"href":"https:\/\/wohnbau-hb.de\/index.php\/wp-json\/wp\/v2\/pages"}],"about":[{"href":"https:\/\/wohnbau-hb.de\/index.php\/wp-json\/wp\/v2\/types\/page"}],"author":[{"embeddable":true,"href":"https:\/\/wohnbau-hb.de\/index.php\/wp-json\/wp\/v2\/users\/1"}],"replies":[{"embeddable":true,"href":"https:\/\/wohnbau-hb.de\/index.php\/wp-json\/wp\/v2\/comments?post=470"}],"version-history":[{"count":17,"href":"https:\/\/wohnbau-hb.de\/index.php\/wp-json\/wp\/v2\/pages\/470\/revisions"}],"predecessor-version":[{"id":1809,"href":"https:\/\/wohnbau-hb.de\/index.php\/wp-json\/wp\/v2\/pages\/470\/revisions\/1809"}],"wp:attachment":[{"href":"https:\/\/wohnbau-hb.de\/index.php\/wp-json\/wp\/v2\/media?parent=470"}],"curies":[{"name":"wp","href":"https:\/\/api.w.org\/{rel}","templated":true}]}}